{"id":242,"date":"2026-01-27T15:37:15","date_gmt":"2026-01-27T14:37:15","guid":{"rendered":"https:\/\/test.cr8it.pl\/?product=zestaw-2-swieczniki-taca-zlota"},"modified":"2026-01-27T15:37:15","modified_gmt":"2026-01-27T14:37:15","slug":"zestaw-2-swieczniki-taca-zlota","status":"publish","type":"product","link":"https:\/\/test.cr8it.pl\/?product=zestaw-2-swieczniki-taca-zlota","title":{"rendered":"Zestaw: 2 \u015bwieczniki + taca z\u0142ota"},"content":{"rendered":"<p>Elegancki komplet dekoracyjny, idealny na st\u00f3\u0142.<\/p>\n","protected":false},"excerpt":{"rendered":"<p>Elegancki komplet dekoracyjny, idealny na st\u00f3\u0142.<\/p>\n","protected":false},"featured_media":213,"comment_status":"open","ping_status":"closed","template":"","meta":{"_kad_blocks_custom_css":"","_kad_blocks_head_custom_js":"","_kad_blocks_body_custom_js":"","_kad_blocks_footer_custom_js":"","_kadence_starter_templates_imported_post":false,"_kad_post_transparent":"","_kad_post_title":"","_kad_post_layout":"","_kad_post_sidebar_id":"","_kad_post_content_style":"","_kad_post_vertical_padding":"","_kad_post_feature":"","_kad_post_feature_position":"","_kad_post_header":false,"_kad_post_footer":false},"product_brand":[],"product_cat":[59],"product_tag":[33,32],"class_list":{"0":"post-242","1":"product","2":"type-product","3":"status-publish","4":"has-post-thumbnail","6":"product_cat-dodatki","7":"product_tag-dekoracja","8":"product_tag-zloto","10":"first","11":"instock","12":"shipping-taxable","13":"purchasable","14":"product-type-simple","15":"entry","16":"content-bg","17":"loop-entry"},"taxonomy_info":{"product_cat":[{"value":59,"label":"Dodatki"}],"product_tag":[{"value":33,"label":"dekoracja"},{"value":32,"label":"z\u0142oto"}]},"featured_image_src_large":["https:\/\/test.cr8it.pl\/wp-content\/uploads\/2025\/11\/shopping.webp",316,472,false],"author_info":[],"comment_info":0,"_links":{"self":[{"href":"https:\/\/test.cr8it.pl\/index.php?rest_route=\/wp\/v2\/product\/242","targetHints":{"allow":["GET"]}}],"collection":[{"href":"https:\/\/test.cr8it.pl\/index.php?rest_route=\/wp\/v2\/product"}],"about":[{"href":"https:\/\/test.cr8it.pl\/index.php?rest_route=\/wp\/v2\/types\/product"}],"replies":[{"embeddable":true,"href":"https:\/\/test.cr8it.pl\/index.php?rest_route=%2Fwp%2Fv2%2Fcomments&post=242"}],"wp:featuredmedia":[{"embeddable":true,"href":"https:\/\/test.cr8it.pl\/index.php?rest_route=\/wp\/v2\/media\/213"}],"wp:attachment":[{"href":"https:\/\/test.cr8it.pl\/index.php?rest_route=%2Fwp%2Fv2%2Fmedia&parent=242"}],"wp:term":[{"taxonomy":"product_brand","embeddable":true,"href":"https:\/\/test.cr8it.pl\/index.php?rest_route=%2Fwp%2Fv2%2Fproduct_brand&post=242"},{"taxonomy":"product_cat","embeddable":true,"href":"https:\/\/test.cr8it.pl\/index.php?rest_route=%2Fwp%2Fv2%2Fproduct_cat&post=242"},{"taxonomy":"product_tag","embeddable":true,"href":"https:\/\/test.cr8it.pl\/index.php?rest_route=%2Fwp%2Fv2%2Fproduct_tag&post=242"}],"curies":[{"name":"wp","href":"https:\/\/api.w.org\/{rel}","templated":true}]}}