{"id":243,"date":"2026-01-27T15:37:15","date_gmt":"2026-01-27T14:37:15","guid":{"rendered":"https:\/\/test.cr8it.pl\/?product=krzesla-transparentne"},"modified":"2026-01-27T15:37:15","modified_gmt":"2026-01-27T14:37:15","slug":"krzesla-transparentne","status":"publish","type":"product","link":"https:\/\/test.cr8it.pl\/?product=krzesla-transparentne","title":{"rendered":"Krzes\u0142a transparentne"},"content":{"rendered":"<p>Eleganckie, prze\u017aroczyste krzes\u0142a doskonale komponuj\u0105 si\u0119 z ka\u017cdym stylem \u015blubu ko\u015bcielnego \u2013 od klasycznego po nowoczesny. Dzi\u0119ki swojej lekkiej, subtelnej formie nie przyt\u0142aczaj\u0105 przestrzeni, a jednocze\u015bnie dodaj\u0105 uroczysto\u015bci wyj\u0105tkowego charakteru. W cenie zawarta jest dekoracja dopasowana do pozosta\u0142ych element\u00f3w wystroju ko\u015bcio\u0142a, co gwarantuje sp\u00f3jny i harmonijny efekt. Idealne na ceremoni\u0119, podkre\u015blaj\u0105 estetyk\u0119 aran\u017cacji i tworz\u0105 pi\u0119kne t\u0142o dla M\u0142odej Pary.<\/p>\n","protected":false},"excerpt":{"rendered":"<p>Eleganckie, prze\u017aroczyste krzes\u0142a doskonale komponuj\u0105 si\u0119 z ka\u017cdym stylem \u015blubu ko\u015bcielnego \u2013 od klasycznego po nowoczesny. Dzi\u0119ki swojej lekkiej, subtelnej formie nie przyt\u0142aczaj\u0105 przestrzeni, a jednocze\u015bnie dodaj\u0105 uroczysto\u015bci wyj\u0105tkowego charakteru. W cenie zawarta jest dekoracja dopasowana do pozosta\u0142ych element\u00f3w wystroju ko\u015bcio\u0142a, co gwarantuje sp\u00f3jny i harmonijny efekt. Idealne na ceremoni\u0119, podkre\u015blaj\u0105 estetyk\u0119 aran\u017cacji i tworz\u0105&#8230;<\/p>\n","protected":false},"featured_media":0,"comment_status":"open","ping_status":"closed","template":"","meta":{"_kad_blocks_custom_css":"","_kad_blocks_head_custom_js":"","_kad_blocks_body_custom_js":"","_kad_blocks_footer_custom_js":"","_kadence_starter_templates_imported_post":false,"_kad_post_transparent":"","_kad_post_title":"","_kad_post_layout":"","_kad_post_sidebar_id":"","_kad_post_content_style":"","_kad_post_vertical_padding":"","_kad_post_feature":"","_kad_post_feature_position":"","_kad_post_header":false,"_kad_post_footer":false},"product_brand":[],"product_cat":[61],"product_tag":[66,70,67,68,64,69,62,63,73,75,74,76,71,65,72],"class_list":{"0":"post-243","1":"product","2":"type-product","3":"status-publish","5":"product_cat-krzesla-dekoracja-kosciola","6":"product_tag-krzesla-do-kosciola","7":"product_tag-krzesla-ghost","8":"product_tag-krzesla-koscielne-na-wynajem","9":"product_tag-krzesla-na-slub-w-kosciele","10":"product_tag-krzesla-przezroczyste-na-wynajem","11":"product_tag-krzesla-slubne-transparentne","12":"product_tag-krzesla-transparentne","13":"product_tag-przezroczyste-krzesla","14":"product_tag-slub-koscielny","15":"product_tag-slub-slask","16":"product_tag-wesele-slask","17":"product_tag-wynajem-krzesel-slask","18":"product_tag-wynajem-krzesel-slubnych","19":"product_tag-wynajem-krzesel-transparentnych","20":"product_tag-wyposazenie-slubne","22":"first","23":"instock","24":"shipping-taxable","25":"purchasable","26":"product-type-simple","27":"entry","28":"content-bg","29":"loop-entry"},"taxonomy_info":{"product_cat":[{"value":61,"label":"krzes\u0142a"}],"product_tag":[{"value":66,"label":"krzes\u0142a do ko\u015bcio\u0142a"},{"value":70,"label":"krzes\u0142a ghost"},{"value":67,"label":"krzes\u0142a ko\u015bcielne na wynajem"},{"value":68,"label":"krzes\u0142a na \u015blub w ko\u015bciele"},{"value":64,"label":"krzes\u0142a przezroczyste na wynajem"},{"value":69,"label":"krzes\u0142a \u015blubne transparentne"},{"value":62,"label":"krzes\u0142a transparentne"},{"value":63,"label":"przezroczyste krzes\u0142a"},{"value":73,"label":"\u015blub ko\u015bcielny"},{"value":75,"label":"\u015blub \u015bl\u0105sk"},{"value":74,"label":"wesele \u015bl\u0105sk"},{"value":76,"label":"wynajem krzese\u0142 \u015bl\u0105sk"},{"value":71,"label":"wynajem krzese\u0142 \u015blubnych"},{"value":65,"label":"wynajem krzese\u0142 transparentnych"},{"value":72,"label":"wyposa\u017cenie \u015blubne"}]},"featured_image_src_large":false,"author_info":[],"comment_info":0,"_links":{"self":[{"href":"https:\/\/test.cr8it.pl\/index.php?rest_route=\/wp\/v2\/product\/243","targetHints":{"allow":["GET"]}}],"collection":[{"href":"https:\/\/test.cr8it.pl\/index.php?rest_route=\/wp\/v2\/product"}],"about":[{"href":"https:\/\/test.cr8it.pl\/index.php?rest_route=\/wp\/v2\/types\/product"}],"replies":[{"embeddable":true,"href":"https:\/\/test.cr8it.pl\/index.php?rest_route=%2Fwp%2Fv2%2Fcomments&post=243"}],"wp:attachment":[{"href":"https:\/\/test.cr8it.pl\/index.php?rest_route=%2Fwp%2Fv2%2Fmedia&parent=243"}],"wp:term":[{"taxonomy":"product_brand","embeddable":true,"href":"https:\/\/test.cr8it.pl\/index.php?rest_route=%2Fwp%2Fv2%2Fproduct_brand&post=243"},{"taxonomy":"product_cat","embeddable":true,"href":"https:\/\/test.cr8it.pl\/index.php?rest_route=%2Fwp%2Fv2%2Fproduct_cat&post=243"},{"taxonomy":"product_tag","embeddable":true,"href":"https:\/\/test.cr8it.pl\/index.php?rest_route=%2Fwp%2Fv2%2Fproduct_tag&post=243"}],"curies":[{"name":"wp","href":"https:\/\/api.w.org\/{rel}","templated":true}]}}