{"id":244,"date":"2026-01-27T15:37:15","date_gmt":"2026-01-27T14:37:15","guid":{"rendered":"https:\/\/test.cr8it.pl\/?product=krzesla-chiavari"},"modified":"2026-01-27T15:37:15","modified_gmt":"2026-01-27T14:37:15","slug":"krzesla-chiavari","status":"publish","type":"product","link":"https:\/\/test.cr8it.pl\/?product=krzesla-chiavari","title":{"rendered":"Krzes\u0142a chiavari"},"content":{"rendered":"<p>Wyj\u0105tkowo eleganckie krzes\u0142a chiavari w z\u0142otym wyko\u0144czeniu, stanowi\u0105ce luksusowy akcent podczas ceremonii \u015blubnej. W cenie zawarta jest dekoracja sp\u00f3jna z aran\u017cacj\u0105 ko\u015bcio\u0142a, gwarantuj\u0105ca estetyczny i harmonijny efekt wizualny.<\/p>\n","protected":false},"excerpt":{"rendered":"<p>Wyj\u0105tkowo eleganckie krzes\u0142a chiavari w z\u0142otym wyko\u0144czeniu, stanowi\u0105ce luksusowy akcent podczas ceremonii \u015blubnej. W cenie zawarta jest dekoracja sp\u00f3jna z aran\u017cacj\u0105 ko\u015bcio\u0142a, gwarantuj\u0105ca estetyczny i harmonijny efekt wizualny.<\/p>\n","protected":false},"featured_media":0,"comment_status":"open","ping_status":"closed","template":"","meta":{"_kad_blocks_custom_css":"","_kad_blocks_head_custom_js":"","_kad_blocks_body_custom_js":"","_kad_blocks_footer_custom_js":"","_kadence_starter_templates_imported_post":false,"_kad_post_transparent":"","_kad_post_title":"","_kad_post_layout":"","_kad_post_sidebar_id":"","_kad_post_content_style":"","_kad_post_vertical_padding":"","_kad_post_feature":"","_kad_post_feature_position":"","_kad_post_header":false,"_kad_post_footer":false},"product_brand":[],"product_cat":[61],"product_tag":[86,77,84,82,79,80,87,75,74,83,76,81,85,78],"class_list":{"0":"post-244","1":"product","2":"type-product","3":"status-publish","5":"product_cat-krzesla-dekoracja-kosciola","6":"product_tag-dekoracje-slubne","7":"product_tag-krzesla-chiavari","8":"product_tag-krzesla-glamour","9":"product_tag-krzesla-na-wesele","10":"product_tag-krzesla-weselne","11":"product_tag-krzesla-weselne-chiavari","12":"product_tag-krzesla-weselne-slask","13":"product_tag-slub-slask","14":"product_tag-wesele-slask","15":"product_tag-wynajem-krzesel-na-slub","16":"product_tag-wynajem-krzesel-slask","17":"product_tag-wynajem-krzesel-weselnych","18":"product_tag-wyposazenie-weselne","19":"product_tag-zlote-krzesla-chiavari","21":"first","22":"instock","23":"shipping-taxable","24":"purchasable","25":"product-type-simple","26":"entry","27":"content-bg","28":"loop-entry"},"taxonomy_info":{"product_cat":[{"value":61,"label":"krzes\u0142a"}],"product_tag":[{"value":86,"label":"dekoracje \u015blubne"},{"value":77,"label":"krzes\u0142a chiavari"},{"value":84,"label":"krzes\u0142a glamour"},{"value":82,"label":"krzes\u0142a na wesele"},{"value":79,"label":"krzes\u0142a weselne"},{"value":80,"label":"krzes\u0142a weselne chiavari"},{"value":87,"label":"krzes\u0142a weselne \u015bl\u0105sk"},{"value":75,"label":"\u015blub \u015bl\u0105sk"},{"value":74,"label":"wesele \u015bl\u0105sk"},{"value":83,"label":"wynajem krzese\u0142 na \u015blub"},{"value":76,"label":"wynajem krzese\u0142 \u015bl\u0105sk"},{"value":81,"label":"wynajem krzese\u0142 weselnych"},{"value":85,"label":"wyposa\u017cenie weselne"},{"value":78,"label":"z\u0142ote krzes\u0142a chiavari"}]},"featured_image_src_large":false,"author_info":[],"comment_info":0,"_links":{"self":[{"href":"https:\/\/test.cr8it.pl\/index.php?rest_route=\/wp\/v2\/product\/244","targetHints":{"allow":["GET"]}}],"collection":[{"href":"https:\/\/test.cr8it.pl\/index.php?rest_route=\/wp\/v2\/product"}],"about":[{"href":"https:\/\/test.cr8it.pl\/index.php?rest_route=\/wp\/v2\/types\/product"}],"replies":[{"embeddable":true,"href":"https:\/\/test.cr8it.pl\/index.php?rest_route=%2Fwp%2Fv2%2Fcomments&post=244"}],"wp:attachment":[{"href":"https:\/\/test.cr8it.pl\/index.php?rest_route=%2Fwp%2Fv2%2Fmedia&parent=244"}],"wp:term":[{"taxonomy":"product_brand","embeddable":true,"href":"https:\/\/test.cr8it.pl\/index.php?rest_route=%2Fwp%2Fv2%2Fproduct_brand&post=244"},{"taxonomy":"product_cat","embeddable":true,"href":"https:\/\/test.cr8it.pl\/index.php?rest_route=%2Fwp%2Fv2%2Fproduct_cat&post=244"},{"taxonomy":"product_tag","embeddable":true,"href":"https:\/\/test.cr8it.pl\/index.php?rest_route=%2Fwp%2Fv2%2Fproduct_tag&post=244"}],"curies":[{"name":"wp","href":"https:\/\/api.w.org\/{rel}","templated":true}]}}