{"id":245,"date":"2026-01-27T15:37:15","date_gmt":"2026-01-27T14:37:15","guid":{"rendered":"https:\/\/test.cr8it.pl\/?product=pokrowiec-na-klecznik"},"modified":"2026-01-27T15:37:15","modified_gmt":"2026-01-27T14:37:15","slug":"pokrowiec-na-klecznik","status":"publish","type":"product","link":"https:\/\/test.cr8it.pl\/?product=pokrowiec-na-klecznik","title":{"rendered":"Pokrowiec na kl\u0119cznik"},"content":{"rendered":"<p>Bia\u0142y pokrowiec na kl\u0119cznik, kt\u00f3ry subtelnie podkre\u015bla uroczysty charakter ceremonii. Dodaje elegancji i estetycznego wyko\u0144czenia przestrzeni przy o\u0142tarzu.<\/p>\n","protected":false},"excerpt":{"rendered":"<p>Bia\u0142y pokrowiec na kl\u0119cznik, kt\u00f3ry subtelnie podkre\u015bla uroczysty charakter ceremonii. Dodaje elegancji i estetycznego wyko\u0144czenia przestrzeni przy o\u0142tarzu.<\/p>\n","protected":false},"featured_media":0,"comment_status":"open","ping_status":"closed","template":"","meta":{"_kad_blocks_custom_css":"","_kad_blocks_head_custom_js":"","_kad_blocks_body_custom_js":"","_kad_blocks_footer_custom_js":"","_kadence_starter_templates_imported_post":false,"_kad_post_transparent":"","_kad_post_title":"","_kad_post_layout":"","_kad_post_sidebar_id":"","_kad_post_content_style":"","_kad_post_vertical_padding":"","_kad_post_feature":"","_kad_post_feature_position":"","_kad_post_header":false,"_kad_post_footer":false},"product_brand":[],"product_cat":[88],"product_tag":[89,91,92,95,90,93,94,72],"class_list":{"0":"post-245","1":"product","2":"type-product","3":"status-publish","5":"product_cat-pokrowce","6":"product_tag-bialy-pokrowiec-na-klecznik","7":"product_tag-dekoracja-klecznika-slub","8":"product_tag-dekoracje-kosciola-na-slub","9":"product_tag-dekoracje-slubne-kosciol","10":"product_tag-elastyczny-pokrowiec-na-klecznik","11":"product_tag-pokrowiec-na-klecznik-slubny","12":"product_tag-wynajem-dekoracji-slubnych","13":"product_tag-wyposazenie-slubne","15":"first","16":"instock","17":"shipping-taxable","18":"purchasable","19":"product-type-simple","20":"entry","21":"content-bg","22":"loop-entry"},"taxonomy_info":{"product_cat":[{"value":88,"label":"pokrowce"}],"product_tag":[{"value":89,"label":"bia\u0142y pokrowiec na kl\u0119cznik"},{"value":91,"label":"dekoracja kl\u0119cznika \u015blub"},{"value":92,"label":"dekoracje ko\u015bcio\u0142a na \u015blub"},{"value":95,"label":"dekoracje \u015blubne ko\u015bci\u00f3\u0142"},{"value":90,"label":"elastyczny pokrowiec na kl\u0119cznik"},{"value":93,"label":"pokrowiec na kl\u0119cznik \u015blubny"},{"value":94,"label":"wynajem dekoracji \u015blubnych"},{"value":72,"label":"wyposa\u017cenie \u015blubne"}]},"featured_image_src_large":false,"author_info":[],"comment_info":0,"_links":{"self":[{"href":"https:\/\/test.cr8it.pl\/index.php?rest_route=\/wp\/v2\/product\/245","targetHints":{"allow":["GET"]}}],"collection":[{"href":"https:\/\/test.cr8it.pl\/index.php?rest_route=\/wp\/v2\/product"}],"about":[{"href":"https:\/\/test.cr8it.pl\/index.php?rest_route=\/wp\/v2\/types\/product"}],"replies":[{"embeddable":true,"href":"https:\/\/test.cr8it.pl\/index.php?rest_route=%2Fwp%2Fv2%2Fcomments&post=245"}],"wp:attachment":[{"href":"https:\/\/test.cr8it.pl\/index.php?rest_route=%2Fwp%2Fv2%2Fmedia&parent=245"}],"wp:term":[{"taxonomy":"product_brand","embeddable":true,"href":"https:\/\/test.cr8it.pl\/index.php?rest_route=%2Fwp%2Fv2%2Fproduct_brand&post=245"},{"taxonomy":"product_cat","embeddable":true,"href":"https:\/\/test.cr8it.pl\/index.php?rest_route=%2Fwp%2Fv2%2Fproduct_cat&post=245"},{"taxonomy":"product_tag","embeddable":true,"href":"https:\/\/test.cr8it.pl\/index.php?rest_route=%2Fwp%2Fv2%2Fproduct_tag&post=245"}],"curies":[{"name":"wp","href":"https:\/\/api.w.org\/{rel}","templated":true}]}}