{"id":247,"date":"2026-01-27T15:37:15","date_gmt":"2026-01-27T14:37:15","guid":{"rendered":"https:\/\/test.cr8it.pl\/?product=wazon-martini-35-cm"},"modified":"2026-01-27T15:37:15","modified_gmt":"2026-01-27T14:37:15","slug":"wazon-martini-35-cm","status":"publish","type":"product","link":"https:\/\/test.cr8it.pl\/?product=wazon-martini-35-cm","title":{"rendered":"Wazon Martini 35 cm"},"content":{"rendered":"<p>Wazon Martini wys. 35 cm w szkleniu prze\u017aroczystym zachwyca lekk\u0105, smuk\u0142\u0105 form\u0105 inspirowan\u0105 klasycznym kielichem koktajlowym. Jego krystaliczne wyko\u0144czenie subtelnie podkre\u015bla kszta\u0142t, dodaj\u0105c ca\u0142o\u015bci finezji i nowoczesnej elegancji. To efektowna, a jednocze\u015bnie uniwersalna dekoracja, kt\u00f3ra pi\u0119knie komponuje si\u0119 z kwiatami ci\u0119tymi oraz jako samodzielny element aran\u017cacyjny.<\/p>\n","protected":false},"excerpt":{"rendered":"<p>Wazon Martini wys. 35 cm w szkleniu prze\u017aroczystym zachwyca lekk\u0105, smuk\u0142\u0105 form\u0105 inspirowan\u0105 klasycznym kielichem koktajlowym. Jego krystaliczne wyko\u0144czenie subtelnie podkre\u015bla kszta\u0142t, dodaj\u0105c ca\u0142o\u015bci finezji i nowoczesnej elegancji. To efektowna, a jednocze\u015bnie uniwersalna dekoracja, kt\u00f3ra pi\u0119knie komponuje si\u0119 z kwiatami ci\u0119tymi oraz jako samodzielny element aran\u017cacyjny.<\/p>\n","protected":false},"featured_media":0,"comment_status":"open","ping_status":"closed","template":"","meta":{"_kad_blocks_custom_css":"","_kad_blocks_head_custom_js":"","_kad_blocks_body_custom_js":"","_kad_blocks_footer_custom_js":"","_kadence_starter_templates_imported_post":false,"_kad_post_transparent":"","_kad_post_title":"","_kad_post_layout":"","_kad_post_sidebar_id":"","_kad_post_content_style":"","_kad_post_vertical_padding":"","_kad_post_feature":"","_kad_post_feature_position":"","_kad_post_header":false,"_kad_post_footer":false},"product_brand":[],"product_cat":[97],"product_tag":[],"class_list":{"0":"post-247","1":"product","2":"type-product","3":"status-publish","5":"product_cat-szklane-wazony","7":"first","8":"instock","9":"shipping-taxable","10":"purchasable","11":"product-type-simple","12":"entry","13":"content-bg","14":"loop-entry"},"taxonomy_info":{"product_cat":[{"value":97,"label":"szklane wazony"}]},"featured_image_src_large":false,"author_info":[],"comment_info":0,"_links":{"self":[{"href":"https:\/\/test.cr8it.pl\/index.php?rest_route=\/wp\/v2\/product\/247","targetHints":{"allow":["GET"]}}],"collection":[{"href":"https:\/\/test.cr8it.pl\/index.php?rest_route=\/wp\/v2\/product"}],"about":[{"href":"https:\/\/test.cr8it.pl\/index.php?rest_route=\/wp\/v2\/types\/product"}],"replies":[{"embeddable":true,"href":"https:\/\/test.cr8it.pl\/index.php?rest_route=%2Fwp%2Fv2%2Fcomments&post=247"}],"wp:attachment":[{"href":"https:\/\/test.cr8it.pl\/index.php?rest_route=%2Fwp%2Fv2%2Fmedia&parent=247"}],"wp:term":[{"taxonomy":"product_brand","embeddable":true,"href":"https:\/\/test.cr8it.pl\/index.php?rest_route=%2Fwp%2Fv2%2Fproduct_brand&post=247"},{"taxonomy":"product_cat","embeddable":true,"href":"https:\/\/test.cr8it.pl\/index.php?rest_route=%2Fwp%2Fv2%2Fproduct_cat&post=247"},{"taxonomy":"product_tag","embeddable":true,"href":"https:\/\/test.cr8it.pl\/index.php?rest_route=%2Fwp%2Fv2%2Fproduct_tag&post=247"}],"curies":[{"name":"wp","href":"https:\/\/api.w.org\/{rel}","templated":true}]}}