{"id":251,"date":"2026-01-27T15:37:15","date_gmt":"2026-01-27T14:37:15","guid":{"rendered":"https:\/\/test.cr8it.pl\/?product=kompozycje-na-stol-prezydialny"},"modified":"2026-01-27T15:37:15","modified_gmt":"2026-01-27T14:37:15","slug":"kompozycje-na-stol-prezydialny","status":"publish","type":"product","link":"https:\/\/test.cr8it.pl\/?product=kompozycje-na-stol-prezydialny","title":{"rendered":"Kompozycje na st\u00f3\u0142 prezydialny"},"content":{"rendered":"<p>Kompozycja kwiatowa na st\u00f3\u0142 prezydialny dla pary m\u0142odej, stanowi eleganck\u0105 dekoracj\u0119, wykonana z r\u00f3\u017cnych rodzaj\u00f3w kwiat\u00f3w, dopasowana do stylu uroczysto\u015bci i aran\u017cacji sali. <\/p>\n","protected":false},"excerpt":{"rendered":"<p>Kompozycja kwiatowa na st\u00f3\u0142 prezydialny dla pary m\u0142odej, stanowi eleganck\u0105 dekoracj\u0119, wykonana z r\u00f3\u017cnych rodzaj\u00f3w kwiat\u00f3w, dopasowana do stylu uroczysto\u015bci i aran\u017cacji sali.<\/p>\n","protected":false},"featured_media":0,"comment_status":"open","ping_status":"closed","template":"","meta":{"_kad_blocks_custom_css":"","_kad_blocks_head_custom_js":"","_kad_blocks_body_custom_js":"","_kad_blocks_footer_custom_js":"","_kadence_starter_templates_imported_post":false,"_kad_post_transparent":"","_kad_post_title":"","_kad_post_layout":"","_kad_post_sidebar_id":"","_kad_post_content_style":"","_kad_post_vertical_padding":"","_kad_post_feature":"","_kad_post_feature_position":"","_kad_post_header":false,"_kad_post_footer":false},"product_brand":[],"product_cat":[100],"product_tag":[101,102,103,104,105,106,107,108,109,110,111,112],"class_list":{"0":"post-251","1":"product","2":"type-product","3":"status-publish","5":"product_cat-kompozycja-na-stol-prezydialny","6":"product_tag-bezbarwne-wazony","7":"product_tag-boho","8":"product_tag-buteleczka","9":"product_tag-butelka","10":"product_tag-krysztalowe-wazony","11":"product_tag-male-wazony","12":"product_tag-miniwazon","13":"product_tag-naczynie-na-kwiaty","14":"product_tag-styl-rustykalny","15":"product_tag-wazon-na-kwiaty","16":"product_tag-wazonik","17":"product_tag-wazoniki","19":"first","20":"instock","21":"shipping-taxable","22":"purchasable","23":"product-type-simple","24":"entry","25":"content-bg","26":"loop-entry"},"taxonomy_info":{"product_cat":[{"value":100,"label":"kompozycja na st\u00f3\u0142 prezydialny"}],"product_tag":[{"value":101,"label":"bezbarwne wazony"},{"value":102,"label":"boho"},{"value":103,"label":"buteleczka"},{"value":104,"label":"butelka"},{"value":105,"label":"kryszta\u0142owe wazony"},{"value":106,"label":"ma\u0142e wazony"},{"value":107,"label":"miniwazon"},{"value":108,"label":"naczynie na kwiaty"},{"value":109,"label":"styl rustykalny"},{"value":110,"label":"wazon na kwiaty"},{"value":111,"label":"wazonik"},{"value":112,"label":"wazoniki"}]},"featured_image_src_large":false,"author_info":[],"comment_info":0,"_links":{"self":[{"href":"https:\/\/test.cr8it.pl\/index.php?rest_route=\/wp\/v2\/product\/251","targetHints":{"allow":["GET"]}}],"collection":[{"href":"https:\/\/test.cr8it.pl\/index.php?rest_route=\/wp\/v2\/product"}],"about":[{"href":"https:\/\/test.cr8it.pl\/index.php?rest_route=\/wp\/v2\/types\/product"}],"replies":[{"embeddable":true,"href":"https:\/\/test.cr8it.pl\/index.php?rest_route=%2Fwp%2Fv2%2Fcomments&post=251"}],"wp:attachment":[{"href":"https:\/\/test.cr8it.pl\/index.php?rest_route=%2Fwp%2Fv2%2Fmedia&parent=251"}],"wp:term":[{"taxonomy":"product_brand","embeddable":true,"href":"https:\/\/test.cr8it.pl\/index.php?rest_route=%2Fwp%2Fv2%2Fproduct_brand&post=251"},{"taxonomy":"product_cat","embeddable":true,"href":"https:\/\/test.cr8it.pl\/index.php?rest_route=%2Fwp%2Fv2%2Fproduct_cat&post=251"},{"taxonomy":"product_tag","embeddable":true,"href":"https:\/\/test.cr8it.pl\/index.php?rest_route=%2Fwp%2Fv2%2Fproduct_tag&post=251"}],"curies":[{"name":"wp","href":"https:\/\/api.w.org\/{rel}","templated":true}]}}