{"id":253,"date":"2026-01-27T15:37:15","date_gmt":"2026-01-27T14:37:15","guid":{"rendered":"https:\/\/test.cr8it.pl\/?product=zlote-kolo"},"modified":"2026-01-27T15:37:15","modified_gmt":"2026-01-27T14:37:15","slug":"zlote-kolo","status":"publish","type":"product","link":"https:\/\/test.cr8it.pl\/?product=zlote-kolo","title":{"rendered":"Z\u0142ote ko\u0142o"},"content":{"rendered":"<p>Z\u0142ote ko\u0142o dekoracyjne z kompozycj\u0105 kwiatow\u0105, lub kwiatowo-balonow\u0105 \u2013 elegancki element aran\u017cacji sali.W cenie wynajem stela\u017ca wraz z materia\u0142em w kolorze przewodnim. Kwiaty od 250 z\u0142\/ 1 punkt , napis LED 200 z\u0142.<\/p>\n","protected":false},"excerpt":{"rendered":"<p>Z\u0142ote ko\u0142o dekoracyjne z kompozycj\u0105 kwiatow\u0105, lub kwiatowo-balonow\u0105 \u2013 elegancki element aran\u017cacji sali.W cenie wynajem stela\u017ca wraz z materia\u0142em w kolorze przewodnim. Kwiaty od 250 z\u0142\/ 1 punkt , napis LED 200 z\u0142.<\/p>\n","protected":false},"featured_media":0,"comment_status":"open","ping_status":"closed","template":"","meta":{"_kad_blocks_custom_css":"","_kad_blocks_head_custom_js":"","_kad_blocks_body_custom_js":"","_kad_blocks_footer_custom_js":"","_kadence_starter_templates_imported_post":false,"_kad_post_transparent":"","_kad_post_title":"","_kad_post_layout":"","_kad_post_sidebar_id":"","_kad_post_content_style":"","_kad_post_vertical_padding":"","_kad_post_feature":"","_kad_post_feature_position":"","_kad_post_header":false,"_kad_post_footer":false},"product_brand":[],"product_cat":[114],"product_tag":[],"class_list":{"0":"post-253","1":"product","2":"type-product","3":"status-publish","5":"product_cat-scianki-weselne","7":"first","8":"instock","9":"shipping-taxable","10":"purchasable","11":"product-type-simple","12":"entry","13":"content-bg","14":"loop-entry"},"taxonomy_info":{"product_cat":[{"value":114,"label":"\u015bcianki weselne"}]},"featured_image_src_large":false,"author_info":[],"comment_info":0,"_links":{"self":[{"href":"https:\/\/test.cr8it.pl\/index.php?rest_route=\/wp\/v2\/product\/253","targetHints":{"allow":["GET"]}}],"collection":[{"href":"https:\/\/test.cr8it.pl\/index.php?rest_route=\/wp\/v2\/product"}],"about":[{"href":"https:\/\/test.cr8it.pl\/index.php?rest_route=\/wp\/v2\/types\/product"}],"replies":[{"embeddable":true,"href":"https:\/\/test.cr8it.pl\/index.php?rest_route=%2Fwp%2Fv2%2Fcomments&post=253"}],"wp:attachment":[{"href":"https:\/\/test.cr8it.pl\/index.php?rest_route=%2Fwp%2Fv2%2Fmedia&parent=253"}],"wp:term":[{"taxonomy":"product_brand","embeddable":true,"href":"https:\/\/test.cr8it.pl\/index.php?rest_route=%2Fwp%2Fv2%2Fproduct_brand&post=253"},{"taxonomy":"product_cat","embeddable":true,"href":"https:\/\/test.cr8it.pl\/index.php?rest_route=%2Fwp%2Fv2%2Fproduct_cat&post=253"},{"taxonomy":"product_tag","embeddable":true,"href":"https:\/\/test.cr8it.pl\/index.php?rest_route=%2Fwp%2Fv2%2Fproduct_tag&post=253"}],"curies":[{"name":"wp","href":"https:\/\/api.w.org\/{rel}","templated":true}]}}