{"id":254,"date":"2026-01-27T15:37:15","date_gmt":"2026-01-27T14:37:15","guid":{"rendered":"https:\/\/test.cr8it.pl\/?product=zloty-luk"},"modified":"2026-01-27T15:37:15","modified_gmt":"2026-01-27T14:37:15","slug":"zloty-luk","status":"publish","type":"product","link":"https:\/\/test.cr8it.pl\/?product=zloty-luk","title":{"rendered":"Z\u0142oty \u0142uk"},"content":{"rendered":"<p>Elegancki metalowy \u0142uk w kolorze z\u0142ota, idealny jako t\u0142o za par\u0105 m\u0142od\u0105, do ceremonii \u015blubnej, sesji zdj\u0119ciowych lub strefy powitalnej. Mo\u017ce by\u0107 dekorowany kwiatami z tkaninami dopasowany do stylu uroczysto\u015bci. Stabilna i estetyczna konstrukcja, odpowiednia do wn\u0119trz oraz pleneru. Wysoko\u015bc 200 cm. W cenie wynajem stela\u017ca wraz z materia\u0142em w kolorze przewodnim. Kwiaty od 250 z\u0142\/ 1 punkt , napis LED 200 z\u0142.<\/p>\n","protected":false},"excerpt":{"rendered":"<p>Elegancki metalowy \u0142uk w kolorze z\u0142ota, idealny jako t\u0142o za par\u0105 m\u0142od\u0105, do ceremonii \u015blubnej, sesji zdj\u0119ciowych lub strefy powitalnej. Mo\u017ce by\u0107 dekorowany kwiatami z tkaninami dopasowany do stylu uroczysto\u015bci. Stabilna i estetyczna konstrukcja, odpowiednia do wn\u0119trz oraz pleneru. Wysoko\u015bc 200 cm. W cenie wynajem stela\u017ca wraz z materia\u0142em w kolorze przewodnim. Kwiaty od 250&#8230;<\/p>\n","protected":false},"featured_media":0,"comment_status":"open","ping_status":"closed","template":"","meta":{"_kad_blocks_custom_css":"","_kad_blocks_head_custom_js":"","_kad_blocks_body_custom_js":"","_kad_blocks_footer_custom_js":"","_kadence_starter_templates_imported_post":false,"_kad_post_transparent":"","_kad_post_title":"","_kad_post_layout":"","_kad_post_sidebar_id":"","_kad_post_content_style":"","_kad_post_vertical_padding":"","_kad_post_feature":"","_kad_post_feature_position":"","_kad_post_header":false,"_kad_post_footer":false},"product_brand":[],"product_cat":[114],"product_tag":[],"class_list":{"0":"post-254","1":"product","2":"type-product","3":"status-publish","5":"product_cat-scianki-weselne","7":"first","8":"instock","9":"shipping-taxable","10":"purchasable","11":"product-type-simple","12":"entry","13":"content-bg","14":"loop-entry"},"taxonomy_info":{"product_cat":[{"value":114,"label":"\u015bcianki weselne"}]},"featured_image_src_large":false,"author_info":[],"comment_info":0,"_links":{"self":[{"href":"https:\/\/test.cr8it.pl\/index.php?rest_route=\/wp\/v2\/product\/254","targetHints":{"allow":["GET"]}}],"collection":[{"href":"https:\/\/test.cr8it.pl\/index.php?rest_route=\/wp\/v2\/product"}],"about":[{"href":"https:\/\/test.cr8it.pl\/index.php?rest_route=\/wp\/v2\/types\/product"}],"replies":[{"embeddable":true,"href":"https:\/\/test.cr8it.pl\/index.php?rest_route=%2Fwp%2Fv2%2Fcomments&post=254"}],"wp:attachment":[{"href":"https:\/\/test.cr8it.pl\/index.php?rest_route=%2Fwp%2Fv2%2Fmedia&parent=254"}],"wp:term":[{"taxonomy":"product_brand","embeddable":true,"href":"https:\/\/test.cr8it.pl\/index.php?rest_route=%2Fwp%2Fv2%2Fproduct_brand&post=254"},{"taxonomy":"product_cat","embeddable":true,"href":"https:\/\/test.cr8it.pl\/index.php?rest_route=%2Fwp%2Fv2%2Fproduct_cat&post=254"},{"taxonomy":"product_tag","embeddable":true,"href":"https:\/\/test.cr8it.pl\/index.php?rest_route=%2Fwp%2Fv2%2Fproduct_tag&post=254"}],"curies":[{"name":"wp","href":"https:\/\/api.w.org\/{rel}","templated":true}]}}