{"id":256,"date":"2026-01-27T15:37:15","date_gmt":"2026-01-27T14:37:15","guid":{"rendered":"https:\/\/test.cr8it.pl\/?product=napis-led-better-together"},"modified":"2026-01-27T15:37:15","modified_gmt":"2026-01-27T14:37:15","slug":"napis-led-better-together","status":"publish","type":"product","link":"https:\/\/test.cr8it.pl\/?product=napis-led-better-together","title":{"rendered":"Napis LED Better Together"},"content":{"rendered":"<p>Napis LED, kt\u00f3ry idealnie dope\u0142ni dekoracj\u0119 \u015bcianek weselnych oraz r\u00f3\u017cnego rodzaju imprez okoliczno\u015bciowych. Napisy tworz\u0105 wyj\u0105tkowy klimat, przyci\u0105gaj\u0105 wzrok i stanowi\u0105 doskona\u0142e t\u0142o do pami\u0105tkowych zdj\u0119\u0107.<br \/>\nW naszej ofercie znajduj\u0105 si\u0119 mi\u0119dzy innymi popularne napisy Better Together, Love, Przaja Ci oraz wiele innych. <\/p>\n","protected":false},"excerpt":{"rendered":"<p>Napis LED, kt\u00f3ry idealnie dope\u0142ni dekoracj\u0119 \u015bcianek weselnych oraz r\u00f3\u017cnego rodzaju imprez okoliczno\u015bciowych. Napisy tworz\u0105 wyj\u0105tkowy klimat, przyci\u0105gaj\u0105 wzrok i stanowi\u0105 doskona\u0142e t\u0142o do pami\u0105tkowych zdj\u0119\u0107. W naszej ofercie znajduj\u0105 si\u0119 mi\u0119dzy innymi popularne napisy Better Together, Love, Przaja Ci oraz wiele innych.<\/p>\n","protected":false},"featured_media":0,"comment_status":"open","ping_status":"closed","template":"","meta":{"_kad_blocks_custom_css":"","_kad_blocks_head_custom_js":"","_kad_blocks_body_custom_js":"","_kad_blocks_footer_custom_js":"","_kadence_starter_templates_imported_post":false,"_kad_post_transparent":"","_kad_post_title":"","_kad_post_layout":"","_kad_post_sidebar_id":"","_kad_post_content_style":"","_kad_post_vertical_padding":"","_kad_post_feature":"","_kad_post_feature_position":"","_kad_post_header":false,"_kad_post_footer":false},"product_brand":[],"product_cat":[114],"product_tag":[],"class_list":{"0":"post-256","1":"product","2":"type-product","3":"status-publish","5":"product_cat-scianki-weselne","7":"first","8":"instock","9":"shipping-taxable","10":"purchasable","11":"product-type-simple","12":"entry","13":"content-bg","14":"loop-entry"},"taxonomy_info":{"product_cat":[{"value":114,"label":"\u015bcianki weselne"}]},"featured_image_src_large":false,"author_info":[],"comment_info":0,"_links":{"self":[{"href":"https:\/\/test.cr8it.pl\/index.php?rest_route=\/wp\/v2\/product\/256","targetHints":{"allow":["GET"]}}],"collection":[{"href":"https:\/\/test.cr8it.pl\/index.php?rest_route=\/wp\/v2\/product"}],"about":[{"href":"https:\/\/test.cr8it.pl\/index.php?rest_route=\/wp\/v2\/types\/product"}],"replies":[{"embeddable":true,"href":"https:\/\/test.cr8it.pl\/index.php?rest_route=%2Fwp%2Fv2%2Fcomments&post=256"}],"wp:attachment":[{"href":"https:\/\/test.cr8it.pl\/index.php?rest_route=%2Fwp%2Fv2%2Fmedia&parent=256"}],"wp:term":[{"taxonomy":"product_brand","embeddable":true,"href":"https:\/\/test.cr8it.pl\/index.php?rest_route=%2Fwp%2Fv2%2Fproduct_brand&post=256"},{"taxonomy":"product_cat","embeddable":true,"href":"https:\/\/test.cr8it.pl\/index.php?rest_route=%2Fwp%2Fv2%2Fproduct_cat&post=256"},{"taxonomy":"product_tag","embeddable":true,"href":"https:\/\/test.cr8it.pl\/index.php?rest_route=%2Fwp%2Fv2%2Fproduct_tag&post=256"}],"curies":[{"name":"wp","href":"https:\/\/api.w.org\/{rel}","templated":true}]}}