{"id":259,"date":"2026-01-27T15:37:15","date_gmt":"2026-01-27T14:37:15","guid":{"rendered":"https:\/\/test.cr8it.pl\/?product=swiecznik-ze-swieca-plywajaca"},"modified":"2026-01-27T15:37:15","modified_gmt":"2026-01-27T14:37:15","slug":"swiecznik-ze-swieca-plywajaca","status":"publish","type":"product","link":"https:\/\/test.cr8it.pl\/?product=swiecznik-ze-swieca-plywajaca","title":{"rendered":"\u015awiecznik ze \u015bwiec\u0105 p\u0142ywaj\u0105c\u0105"},"content":{"rendered":"<p>Szklany \u015bwiecznik o wysoko\u015bci 35 cm, przeznaczony do \u015bwiecy p\u0142ywaj\u0105cej. Do wn\u0119trza wlewana jest woda, na kt\u00f3rej umieszczana jest \u015bwieca p\u0142ywaj\u0105ca oraz akcent kwiatowy sp\u00f3jny z dekoracj\u0105 sto\u0142u. Ca\u0142o\u015b\u0107 tworzy elegancki i subtelny efekt \u015bwietlny.<\/p>\n","protected":false},"excerpt":{"rendered":"<p>Szklany \u015bwiecznik o wysoko\u015bci 35 cm, przeznaczony do \u015bwiecy p\u0142ywaj\u0105cej. Do wn\u0119trza wlewana jest woda, na kt\u00f3rej umieszczana jest \u015bwieca p\u0142ywaj\u0105ca oraz akcent kwiatowy sp\u00f3jny z dekoracj\u0105 sto\u0142u. Ca\u0142o\u015b\u0107 tworzy elegancki i subtelny efekt \u015bwietlny.<\/p>\n","protected":false},"featured_media":0,"comment_status":"open","ping_status":"closed","template":"","meta":{"_kad_blocks_custom_css":"","_kad_blocks_head_custom_js":"","_kad_blocks_body_custom_js":"","_kad_blocks_footer_custom_js":"","_kadence_starter_templates_imported_post":false,"_kad_post_transparent":"","_kad_post_title":"","_kad_post_layout":"","_kad_post_sidebar_id":"","_kad_post_content_style":"","_kad_post_vertical_padding":"","_kad_post_feature":"","_kad_post_feature_position":"","_kad_post_header":false,"_kad_post_footer":false},"product_brand":[],"product_cat":[116],"product_tag":[],"class_list":{"0":"post-259","1":"product","2":"type-product","3":"status-publish","5":"product_cat-lampiony","7":"first","8":"instock","9":"shipping-taxable","10":"purchasable","11":"product-type-simple","12":"entry","13":"content-bg","14":"loop-entry"},"taxonomy_info":{"product_cat":[{"value":116,"label":"lampiony"}]},"featured_image_src_large":false,"author_info":[],"comment_info":0,"_links":{"self":[{"href":"https:\/\/test.cr8it.pl\/index.php?rest_route=\/wp\/v2\/product\/259","targetHints":{"allow":["GET"]}}],"collection":[{"href":"https:\/\/test.cr8it.pl\/index.php?rest_route=\/wp\/v2\/product"}],"about":[{"href":"https:\/\/test.cr8it.pl\/index.php?rest_route=\/wp\/v2\/types\/product"}],"replies":[{"embeddable":true,"href":"https:\/\/test.cr8it.pl\/index.php?rest_route=%2Fwp%2Fv2%2Fcomments&post=259"}],"wp:attachment":[{"href":"https:\/\/test.cr8it.pl\/index.php?rest_route=%2Fwp%2Fv2%2Fmedia&parent=259"}],"wp:term":[{"taxonomy":"product_brand","embeddable":true,"href":"https:\/\/test.cr8it.pl\/index.php?rest_route=%2Fwp%2Fv2%2Fproduct_brand&post=259"},{"taxonomy":"product_cat","embeddable":true,"href":"https:\/\/test.cr8it.pl\/index.php?rest_route=%2Fwp%2Fv2%2Fproduct_cat&post=259"},{"taxonomy":"product_tag","embeddable":true,"href":"https:\/\/test.cr8it.pl\/index.php?rest_route=%2Fwp%2Fv2%2Fproduct_tag&post=259"}],"curies":[{"name":"wp","href":"https:\/\/api.w.org\/{rel}","templated":true}]}}