{"id":269,"date":"2026-01-27T15:37:16","date_gmt":"2026-01-27T14:37:16","guid":{"rendered":"https:\/\/test.cr8it.pl\/?product=tablica-z-rozpiska-gosci"},"modified":"2026-01-27T15:37:16","modified_gmt":"2026-01-27T14:37:16","slug":"tablica-z-rozpiska-gosci","status":"publish","type":"product","link":"https:\/\/test.cr8it.pl\/?product=tablica-z-rozpiska-gosci","title":{"rendered":"Tablica z rozpisk\u0105 go\u015bci"},"content":{"rendered":"<p>Tablica z rozpisk\u0105 go\u015bci \u2013 elegancki element organizacyjny, kt\u00f3ry u\u0142atwia odnalezienie miejsc i pi\u0119knie wita go\u015bci na sali weselnej. Wzorniki wysy\u0142amy indywidualnie, aby dopasowa\u0107 projekt do stylu uroczysto\u015bci.<\/p>\n","protected":false},"excerpt":{"rendered":"<p>Tablica z rozpisk\u0105 go\u015bci \u2013 elegancki element organizacyjny, kt\u00f3ry u\u0142atwia odnalezienie miejsc i pi\u0119knie wita go\u015bci na sali weselnej. Wzorniki wysy\u0142amy indywidualnie, aby dopasowa\u0107 projekt do stylu uroczysto\u015bci.<\/p>\n","protected":false},"featured_media":0,"comment_status":"open","ping_status":"closed","template":"","meta":{"_kad_blocks_custom_css":"","_kad_blocks_head_custom_js":"","_kad_blocks_body_custom_js":"","_kad_blocks_footer_custom_js":"","_kadence_starter_templates_imported_post":false,"_kad_post_transparent":"","_kad_post_title":"","_kad_post_layout":"","_kad_post_sidebar_id":"","_kad_post_content_style":"","_kad_post_vertical_padding":"","_kad_post_feature":"","_kad_post_feature_position":"","_kad_post_header":false,"_kad_post_footer":false},"product_brand":[],"product_cat":[126],"product_tag":[],"class_list":{"0":"post-269","1":"product","2":"type-product","3":"status-publish","5":"product_cat-tablica-z-rozpiska-gosci","7":"first","8":"instock","9":"shipping-taxable","10":"purchasable","11":"product-type-simple","12":"entry","13":"content-bg","14":"loop-entry"},"taxonomy_info":{"product_cat":[{"value":126,"label":"tablica z rozpisk\u0105 go\u015bci"}]},"featured_image_src_large":false,"author_info":[],"comment_info":0,"_links":{"self":[{"href":"https:\/\/test.cr8it.pl\/index.php?rest_route=\/wp\/v2\/product\/269","targetHints":{"allow":["GET"]}}],"collection":[{"href":"https:\/\/test.cr8it.pl\/index.php?rest_route=\/wp\/v2\/product"}],"about":[{"href":"https:\/\/test.cr8it.pl\/index.php?rest_route=\/wp\/v2\/types\/product"}],"replies":[{"embeddable":true,"href":"https:\/\/test.cr8it.pl\/index.php?rest_route=%2Fwp%2Fv2%2Fcomments&post=269"}],"wp:attachment":[{"href":"https:\/\/test.cr8it.pl\/index.php?rest_route=%2Fwp%2Fv2%2Fmedia&parent=269"}],"wp:term":[{"taxonomy":"product_brand","embeddable":true,"href":"https:\/\/test.cr8it.pl\/index.php?rest_route=%2Fwp%2Fv2%2Fproduct_brand&post=269"},{"taxonomy":"product_cat","embeddable":true,"href":"https:\/\/test.cr8it.pl\/index.php?rest_route=%2Fwp%2Fv2%2Fproduct_cat&post=269"},{"taxonomy":"product_tag","embeddable":true,"href":"https:\/\/test.cr8it.pl\/index.php?rest_route=%2Fwp%2Fv2%2Fproduct_tag&post=269"}],"curies":[{"name":"wp","href":"https:\/\/api.w.org\/{rel}","templated":true}]}}